{"id":1187,"date":"2021-02-26T14:07:38","date_gmt":"2021-02-26T13:07:38","guid":{"rendered":"http:\/\/lkw-stellplatzfinder.de\/?page_id=1187"},"modified":"2022-01-27T15:56:38","modified_gmt":"2022-01-27T14:56:38","slug":"home","status":"publish","type":"page","link":"https:\/\/www.telartec.de\/","title":{"rendered":"Home"},"content":{"rendered":"\t\t<div data-elementor-type=\"wp-page\" data-elementor-id=\"1187\" class=\"elementor elementor-1187\" data-elementor-post-type=\"page\">\n\t\t\t\t\t\t<section class=\"elementor-section elementor-top-section elementor-element elementor-element-a7eb430 elementor-section-full_width elementor-section-height-min-height elementor-section-items-top elementor-section-stretched hintergrund elementor-section-height-default elementor-invisible\" data-id=\"a7eb430\" data-element_type=\"section\" data-e-type=\"section\" data-settings=\"{&quot;stretch_section&quot;:&quot;section-stretched&quot;,&quot;background_background&quot;:&quot;classic&quot;,&quot;animation&quot;:&quot;fadeIn&quot;}\">\n\t\t\t\t\t\t\t<div class=\"elementor-background-overlay\"><\/div>\n\t\t\t\t\t\t\t<div class=\"elementor-container elementor-column-gap-no\">\n\t\t\t\t\t<div class=\"elementor-column elementor-col-100 elementor-top-column elementor-element elementor-element-ad10bdb\" data-id=\"ad10bdb\" data-element_type=\"column\" data-e-type=\"column\">\n\t\t\t<div class=\"elementor-widget-wrap elementor-element-populated\">\n\t\t\t\t\t\t<div class=\"elementor-element elementor-element-3e9b8cd elementor--h-position-right elementor--v-position-top elementor-arrows-position-inside elementor-pagination-position-inside elementor-widget elementor-widget-slides\" data-id=\"3e9b8cd\" data-element_type=\"widget\" data-e-type=\"widget\" data-settings=\"{&quot;autoplay_speed&quot;:10000,&quot;transition_speed&quot;:0,&quot;navigation&quot;:&quot;both&quot;,&quot;autoplay&quot;:&quot;yes&quot;,&quot;pause_on_interaction&quot;:&quot;yes&quot;,&quot;infinite&quot;:&quot;yes&quot;,&quot;transition&quot;:&quot;slide&quot;}\" data-widget_type=\"slides.default\">\n\t\t\t\t<div class=\"elementor-widget-container\">\n\t\t\t\t\t\t\t\t\t<div class=\"elementor-swiper\">\n\t\t\t\t\t<div class=\"elementor-slides-wrapper elementor-main-swiper swiper\" role=\"region\" aria-roledescription=\"carousel\" aria-label=\"Slider\" dir=\"ltr\" data-animation=\"fadeInRight\">\n\t\t\t\t<div class=\"swiper-wrapper elementor-slides\">\n\t\t\t\t\t\t\t\t\t\t<div class=\"elementor-repeater-item-4aeba83 swiper-slide\" role=\"group\" aria-roledescription=\"slide\"><div class=\"swiper-slide-bg\"><\/div><div class=\"swiper-slide-inner\" ><div class=\"swiper-slide-contents\"><div class=\"elementor-slide-heading\">TelarTec<\/div><div class=\"elementor-slide-description\">Telematic Area Detection Technology<br>\nMade in Germany\n<\/div><\/div><\/div><\/div><div class=\"elementor-repeater-item-7e2d5ae swiper-slide\" role=\"group\" aria-roledescription=\"slide\"><div class=\"swiper-slide-bg\"><\/div><div class=\"swiper-slide-inner\" ><div class=\"swiper-slide-contents\"><div class=\"elementor-slide-heading\">Detektion von Objekten<\/div><div class=\"elementor-slide-description\">Hochpr\u00e4zise auf beliebig gro\u00dfen Fl\u00e4chen<br>\n24\/7 bei allen Licht- und Witterungsverh\u00e4ltnissen<br>Tag & Nacht  - egal ob Regen, Schnee oder Nebel\n<\/div><\/div><\/div><\/div><div class=\"elementor-repeater-item-158aec1 swiper-slide\" role=\"group\" aria-roledescription=\"slide\"><div class=\"swiper-slide-bg\"><\/div><div class=\"swiper-slide-inner\" ><div class=\"swiper-slide-contents\"><div class=\"elementor-slide-heading\">F\u00fcr Sicherheit & Effizienzsteigerung<\/div><div class=\"elementor-slide-description\">Schutz & Sicherheit von Leben & G\u00fctern<br>\nh\u00f6here Auslastung der Infrastruktur sowie<br>\nEffizienzsteigerung beim Handling und <br>Durchfluss von Waren & G\u00fctern\n<\/div><\/div><\/div><\/div><div class=\"elementor-repeater-item-4df99f9 swiper-slide\" role=\"group\" aria-roledescription=\"slide\"><div class=\"swiper-slide-bg\"><\/div><div class=\"swiper-slide-inner\" ><div class=\"swiper-slide-contents\"><div class=\"elementor-slide-heading\">3D Lasertechnologie<\/div><div class=\"elementor-slide-description\">Vollkommen datenschutzkonform<br>\nim Gegensatz zu Video- und Kamerasystemen\n\n<\/div><\/div><\/div><\/div><div class=\"elementor-repeater-item-d1d060f swiper-slide\" role=\"group\" aria-roledescription=\"slide\"><div class=\"swiper-slide-bg\"><\/div><div class=\"swiper-slide-inner\" ><div class=\"swiper-slide-contents\"><div class=\"elementor-slide-heading\">Autark, flexibel & umweltfreundlich<\/div><div class=\"elementor-slide-description\">Ortsgebundene Systeme oder vollkommen autark<br>\nJe nach Kundenwunsch und Anwendung\n\n<\/div><\/div><\/div><\/div>\t\t\t\t<\/div>\n\t\t\t\t\t\t\t\t\t\t\t\t\t\t\t<div class=\"elementor-swiper-button elementor-swiper-button-prev\" role=\"button\" tabindex=\"0\" aria-label=\"Vorheriger Slide\">\n\t\t\t\t\t\t\t<i aria-hidden=\"true\" class=\"eicon-chevron-left\"><\/i>\t\t\t\t\t\t<\/div>\n\t\t\t\t\t\t<div class=\"elementor-swiper-button elementor-swiper-button-next\" role=\"button\" tabindex=\"0\" aria-label=\"N\u00e4chster Slide\">\n\t\t\t\t\t\t\t<i aria-hidden=\"true\" class=\"eicon-chevron-right\"><\/i>\t\t\t\t\t\t<\/div>\n\t\t\t\t\t\t\t\t\t\t\t\t\t\t\t\t<div class=\"swiper-pagination\"><\/div>\n\t\t\t\t\t\t\t\t\t\t\t\t<\/div>\n\t\t\t\t<\/div>\n\t\t\t\t\t\t\t\t<\/div>\n\t\t\t\t<\/div>\n\t\t\t\t<div class=\"elementor-element elementor-element-d0799bc elementor-widget elementor-widget-html\" data-id=\"d0799bc\" data-element_type=\"widget\" data-e-type=\"widget\" data-widget_type=\"html.default\">\n\t\t\t\t<div class=\"elementor-widget-container\">\n\t\t\t\t\t<audio id=\"audio-1\" loop=\"true\" src=\"https:\/\/www.telartec.de\/wp-content\/uploads\/2021\/03\/bensound-dreams.mp3\"><\/audio>\n<script>\n\nwindow.addEventListener(\"DOMContentLoaded\", event => {\n  const audio = document.querySelector(\"audio\");\n  audio.volume = 0.05;\n \/\/ audio.play();\n});\n\n    function setupAudio() {\n     \n        const $playBtn = jQuery(\"#audio-btn\");\n        \n        $playBtn.addClass(\"play-audio\");\n        jQuery(\"#audio-1\")[0].volume= 0.05;\n       \n        $playBtn.on(\"click\", function() {\n            \n            const $this = jQuery( this );\n            \n            if( $this.hasClass( \"play-audio\" ) ) {\n                \n                jQuery(\"#audio-1\")[0].play();\n                \n            } else if ( $this.hasClass( \"pause-audio\" ) ) {\n                \n                jQuery(\"#audio-1\")[0].pause();\n\n            }\n            let icon = $this.find(\".fas\");\n            if (icon != null){\n                $this.toggleClass(\"fa-volume-mute fa-volume-up\");\n            }\n            \n            $this.toggleClass(\"play-audio pause-audio\");\n            \n        });\n    }\n\/\/    setupAudio();\n    \n<\/script>\n\t\t\t\t<\/div>\n\t\t\t\t<\/div>\n\t\t\t\t\t<\/div>\n\t\t<\/div>\n\t\t\t\t\t<\/div>\n\t\t<\/section>\n\t\t\t\t<\/div>\n\t\t","protected":false},"excerpt":{"rendered":"<p>TelarTecTelematic Area Detection Technology Made in Germany Detektion von ObjektenHochpr\u00e4zise auf beliebig gro\u00dfen Fl\u00e4chen 24\/7 bei allen Licht- und Witterungsverh\u00e4ltnissenTag &#038; Nacht &#8211; egal ob Regen, Schnee oder Nebel F\u00fcr Sicherheit &#038; EffizienzsteigerungSchutz &#038; Sicherheit von Leben &#038; G\u00fctern h\u00f6here Auslastung der Infrastruktur sowie Effizienzsteigerung beim Handling und Durchfluss von Waren &#038; G\u00fctern 3D LasertechnologieVollkommen [&hellip;]<\/p>\n","protected":false},"author":1,"featured_media":0,"parent":0,"menu_order":0,"comment_status":"closed","ping_status":"closed","template":"elementor_header_footer","meta":{"footnotes":""},"class_list":["post-1187","page","type-page","status-publish","hentry"],"_links":{"self":[{"href":"https:\/\/www.telartec.de\/index.php?rest_route=\/wp\/v2\/pages\/1187","targetHints":{"allow":["GET"]}}],"collection":[{"href":"https:\/\/www.telartec.de\/index.php?rest_route=\/wp\/v2\/pages"}],"about":[{"href":"https:\/\/www.telartec.de\/index.php?rest_route=\/wp\/v2\/types\/page"}],"author":[{"embeddable":true,"href":"https:\/\/www.telartec.de\/index.php?rest_route=\/wp\/v2\/users\/1"}],"replies":[{"embeddable":true,"href":"https:\/\/www.telartec.de\/index.php?rest_route=%2Fwp%2Fv2%2Fcomments&post=1187"}],"version-history":[{"count":349,"href":"https:\/\/www.telartec.de\/index.php?rest_route=\/wp\/v2\/pages\/1187\/revisions"}],"predecessor-version":[{"id":1955,"href":"https:\/\/www.telartec.de\/index.php?rest_route=\/wp\/v2\/pages\/1187\/revisions\/1955"}],"wp:attachment":[{"href":"https:\/\/www.telartec.de\/index.php?rest_route=%2Fwp%2Fv2%2Fmedia&parent=1187"}],"curies":[{"name":"wp","href":"https:\/\/api.w.org\/{rel}","templated":true}]}}